{"id":8,"date":"2025-05-08T16:37:09","date_gmt":"2025-05-08T14:37:09","guid":{"rendered":"https:\/\/www.papilio-art.fr\/?page_id=8"},"modified":"2025-05-25T23:13:23","modified_gmt":"2025-05-25T21:13:23","slug":"papilio","status":"publish","type":"page","link":"https:\/\/www.papilio-art.fr\/","title":{"rendered":"Qui suis-je ?"},"content":{"rendered":"\n<p>Papilio plus qu&rsquo;une simple artiste mixed m\u00e9dia&#8230;.<\/p>\n\n\n\n<p class=\"has-text-align-left\">Papilio est une artiste autodidacte bas\u00e9e \u00e0 Bordeaux, dont l\u2019univers s\u2019enracine dans la sph\u00e8re \u00e9motionnelle. Son art ne cherche pas \u00e0 repr\u00e9senter, mais \u00e0 r\u00e9v\u00e9ler. Chaque \u0153uvre na\u00eet comme un souffle int\u00e9rieur, une histoire incarn\u00e9e dans la mati\u00e8re.\u00a0\u00c0 la crois\u00e9e de l\u2019abstraction et de l\u2019expression \u00e9motionnelle, elle sculpte les \u00e9motions comme on fa\u00e7onne des souvenirs : avec d\u00e9licatesse, intensit\u00e9, et une certaine forme de v\u00e9rit\u00e9 brute. Les mati\u00e8res s\u2019entrechoquent ou s\u2019harmonisent, pastel gras, textile, acrylique, encre, textures et fragments, pour donner corps \u00e0 l\u2019invisible. Rien n\u2019est fig\u00e9 : tout est mouvement, transformation, m\u00e9tamorphose.\u00a0Ses cr\u00e9ations sont des paysages int\u00e9rieurs, des \u00e9chos tiss\u00e9s de douleurs, d\u2019\u00e9lans, de joies muettes et de r\u00e9voltes douces. \u00c0 travers chaque toile, chaque volume ou empreinte, elle propose un dialogue silencieux entre l\u2019\u0153uvre et celui qui la regarde, une invitation \u00e0 ressentir plut\u00f4t qu\u2019\u00e0 comprendre, \u00e0 se reconnecter \u00e0 soi \u00e0 travers l\u2019art.<\/p>\n\n\n\n<p>La d\u00e9marche se veut une \u00ab sculpture des \u00e9motions \u00bb, non pour d\u00e9signer un m\u00e9dium, mais une posture artistique : celle de tailler dans l\u2019\u00e9toffe des sensations, de modeler les \u00e9lans invisibles, d\u2019incarner la fragilit\u00e9 humaine avec sinc\u00e9rit\u00e9. Elle explore les fils de vie, les marques du pass\u00e9, les passages initiatiques qui nous traversent, et qu\u2019elle transforme en \u0153uvres vibrantes, presque rituelles.<strong>\u00a0<\/strong><\/p>\n\n\n\n<p class=\"has-text-align-left\">Papilio explore aussi les dimensions art-th\u00e9rapeutiques de la cr\u00e9ation, proposant des ateliers et des espaces d\u2019expression pour faire jaillir, lib\u00e9rer et apaiser ce qui en chacun cherche \u00e0 exister autrement. Elle est n\u00e9e d\u2019un souffle, de libert\u00e9 d&rsquo;expression et l\u2019\u00e9clat d\u2019une \u00e9motion. Par l\u2019art, l\u2019\u00e9motion, et la transmission du sensible.<\/p>\n\n\n\n<p><\/p>\n\n\n\n<p><\/p>\n\n\n\n<p><\/p>\n\n\n<div class=\"wp-block-image is-style-default\">\n<figure class=\"aligncenter size-medium\"><img loading=\"lazy\" decoding=\"async\" width=\"241\" height=\"300\" src=\"https:\/\/www.papilio-art.fr\/wp-content\/uploads\/2025\/05\/Screenshot-2025-05-08-at-18.21.54-241x300.png\" alt=\"\" class=\"wp-image-16\" srcset=\"https:\/\/www.papilio-art.fr\/wp-content\/uploads\/2025\/05\/Screenshot-2025-05-08-at-18.21.54-241x300.png 241w, https:\/\/www.papilio-art.fr\/wp-content\/uploads\/2025\/05\/Screenshot-2025-05-08-at-18.21.54-824x1024.png 824w, https:\/\/www.papilio-art.fr\/wp-content\/uploads\/2025\/05\/Screenshot-2025-05-08-at-18.21.54-768x954.png 768w, https:\/\/www.papilio-art.fr\/wp-content\/uploads\/2025\/05\/Screenshot-2025-05-08-at-18.21.54.png 842w\" sizes=\"auto, (max-width: 241px) 100vw, 241px\" \/><\/figure>\n<\/div>\n\n\n<div style=\"height:133px\" aria-hidden=\"true\" class=\"wp-block-spacer\"><\/div>\n\n\n\n<p class=\"has-text-align-center\">Artiste \/ Auteur &#8211; SIREN 943 777 581<\/p>\n","protected":false},"excerpt":{"rendered":"<p>Papilio plus qu&rsquo;une simple artiste mixed m\u00e9dia&#8230;. Papilio est une artiste autodidacte bas\u00e9e [&hellip;]<\/p>\n","protected":false},"author":1,"featured_media":26,"parent":0,"menu_order":0,"comment_status":"closed","ping_status":"closed","template":"","meta":{"footnotes":""},"class_list":["post-8","page","type-page","status-publish","has-post-thumbnail","hentry"],"jetpack_sharing_enabled":true,"_links":{"self":[{"href":"https:\/\/www.papilio-art.fr\/index.php\/wp-json\/wp\/v2\/pages\/8","targetHints":{"allow":["GET"]}}],"collection":[{"href":"https:\/\/www.papilio-art.fr\/index.php\/wp-json\/wp\/v2\/pages"}],"about":[{"href":"https:\/\/www.papilio-art.fr\/index.php\/wp-json\/wp\/v2\/types\/page"}],"author":[{"embeddable":true,"href":"https:\/\/www.papilio-art.fr\/index.php\/wp-json\/wp\/v2\/users\/1"}],"replies":[{"embeddable":true,"href":"https:\/\/www.papilio-art.fr\/index.php\/wp-json\/wp\/v2\/comments?post=8"}],"version-history":[{"count":12,"href":"https:\/\/www.papilio-art.fr\/index.php\/wp-json\/wp\/v2\/pages\/8\/revisions"}],"predecessor-version":[{"id":313,"href":"https:\/\/www.papilio-art.fr\/index.php\/wp-json\/wp\/v2\/pages\/8\/revisions\/313"}],"wp:featuredmedia":[{"embeddable":true,"href":"https:\/\/www.papilio-art.fr\/index.php\/wp-json\/wp\/v2\/media\/26"}],"wp:attachment":[{"href":"https:\/\/www.papilio-art.fr\/index.php\/wp-json\/wp\/v2\/media?parent=8"}],"curies":[{"name":"wp","href":"https:\/\/api.w.org\/{rel}","templated":true}]}}